{"id":2778,"date":"2024-11-15T07:39:57","date_gmt":"2024-11-15T07:39:57","guid":{"rendered":"https:\/\/www.mastersunslr.com\/hakkimizda\/"},"modified":"2024-11-16T16:13:38","modified_gmt":"2024-11-16T16:13:38","slug":"sobre-nosotros","status":"publish","type":"page","link":"https:\/\/www.mastersunslr.com\/es\/sobre-nosotros\/","title":{"rendered":"Sobre Nosotros"},"content":{"rendered":"<p>\u0130GEME, Gateoftec, MedicalinT\u00fcrkiye ve Gateofhouse olarak Dominik Cumhuriyeti\u2019ndeyiz!<br>T\u00fcrkiye ile Dominik Cumhuriyeti aras\u0131ndaki ticari ve ekonomik ili\u015fkileri geli\u015ftirme misyonuyla yola \u00e7\u0131kt\u0131k. T\u00fcrk \u0130hracat\u00e7\u0131lar\u0131 ve T\u00fcrk Sa\u011fl\u0131k Merkezlerini Dominik Cumhuriyeti\u2019nde kurarak iki \u00fclke aras\u0131nda kar\u015f\u0131l\u0131kl\u0131 ticareti b\u00fcy\u00fctmeyi hedefliyoruz.<br><br><strong>\u0130GEME (T\u00fcrkiye \u0130hracat\u0131n\u0131 Geli\u015ftirme Merkezi):<\/strong> 25 y\u0131ldan fazla birikimimizle T\u00fcrk ihracat\u00e7\u0131lar\u0131na stratejik destek sunuyor, yeni pazarlar ke\u015ffetmelerini sa\u011fl\u0131yoruz. Dominik Cumhuriyeti\u2019nde de T\u00fcrkiye\u2019nin ticari etkisini geni\u015fletmek i\u00e7in uzmanl\u0131\u011f\u0131m\u0131z\u0131 bu yeni pazara ta\u015f\u0131yoruz.<br><br><strong>Gateoftec: <\/strong>Almanya ve Hollanda\u2019daki ba\u015far\u0131l\u0131 projelerimizden sonra Dominik Cumhuriyeti\u2019nde de varl\u0131\u011f\u0131m\u0131z\u0131 hissettirece\u011fz. Gateoftec, T\u00fcrk \u00fcreticilerinin ve ihracat\u00e7\u0131lar\u0131n\u0131n uluslararas\u0131 pazarlarda g\u00fc\u00e7lenmesi i\u00e7in showroom, lojistik destek ve dijital pazarlama hizmetleri sunarak \u015firketleri global bir rekabetin i\u00e7ine ta\u015f\u0131r.<br><br><strong>MedicalinT\u00fcrkiye:<\/strong> T\u00fcrk sa\u011fl\u0131k turizmini uluslararas\u0131 alanda tan\u0131tan ve g\u00fc\u00e7lendiren MedicalinT\u00fcrkiye, sa\u011fl\u0131k hizmetlerinin kalite standartlar\u0131n\u0131 Dominik Cumhuriyeti\u2019ne ta\u015f\u0131yor. Dominik halk\u0131na T\u00fcrkiye\u2019nin ileri teknoloji ve uzmanl\u0131kla donat\u0131lm\u0131\u015f sa\u011fl\u0131k hizmetlerini ula\u015ft\u0131r\u0131yoruz.<br><br><strong>Gateofhouse:<\/strong> \u00c7evre dostu, s\u0131f\u0131r karbonlu ve h\u0131zl\u0131 \u00fcretim teknolojileriyle Almanya\u2019da ba\u015flayan Gateofhouse, Dominik Cumhuriyeti\u2019nde de konut \u00e7\u00f6z\u00fcmleri sunacak. Tamamen s\u00fcrd\u00fcr\u00fclebilir ve yenilik\u00e7i in\u015faat teknolojileriyle Dominik halk\u0131n\u0131n ya\u015fam kalitesini art\u0131rmay\u0131 hedefliyoruz.<br><\/p><h2 class=\"wp-block-heading\">Hedeflerimiz:<\/h2><ul class=\"wp-block-list\"><li>T\u00fcrkiye ile Dominik Cumhuriyeti aras\u0131nda ihracat hacmini art\u0131rmak.<\/li>\n\n<li>Kar\u015f\u0131l\u0131kl\u0131 ticaret ve yat\u0131r\u0131m f\u0131rsatlar\u0131n\u0131 ke\u015ffetmek.<\/li>\n\n<li>Dominik Cumhuriyeti\u2019nde T\u00fcrk \u00fcr\u00fcnlerinin ve hizmetlerinin bilinirli\u011fini art\u0131rmak.<\/li>\n\n<li>T\u00fcrk sa\u011fl\u0131k ve in\u015faat sekt\u00f6r\u00fcn\u00fc yeni pazarlara ta\u015f\u0131mak.<\/li><\/ul><h2 class=\"wp-block-heading\">Bu Ama\u00e7la Yapacaklar\u0131m\u0131z:<\/h2><ul class=\"wp-block-list\"><li>T\u00fcrk \u00fcr\u00fcnlerinin Dominik Cumhuriyeti\u2019nde sat\u0131\u015f\u0131n\u0131 ger\u00e7ekle\u015ftirece\u011fz.<\/li>\n\n<li>MedicalinT\u00fcrkiye ile sa\u011fl\u0131k ve turizm alan\u0131nda projeler y\u00fcr\u00fctecek, Dominik halk\u0131na ileri sa\u011fl\u0131k hizmetleri sunaca\u011fz.<\/li>\n\n<li>Gateofhouse ile Dominik Cumhuriyeti\u2019nde bir ev yap\u0131m fabrikas\u0131 kuracak ve \u00e7evre dostu konut projeleri ger\u00e7ekle\u015ftirece\u011fz.<\/li>\n\n<li>Kar\u015f\u0131l\u0131kl\u0131 ticaretin artmas\u0131 i\u00e7in etkinlikler, i\u015f birli\u011fi gezileri ve \u00e7al\u0131\u015fma planlar\u0131 haz\u0131rlayaca\u011fz.<\/li><\/ul><h3 class=\"wp-block-heading\"><br>T\u00fcrkiye ile Dominik Cumhuriyeti aras\u0131nda k\u00f6pr\u00fcler kurarak, ticari ve ekonomik ba\u011flar\u0131 daha da g\u00fc\u00e7lendirece\u011fz. Almanya ve Hollanda\u2019daki ba\u015far\u0131lar\u0131m\u0131z\u0131 Dominik Cumhuriyeti\u2019ne ta\u015f\u0131yarak, T\u00fcrkiye\u2019nin global ticaretteki etkisini art\u0131rmaya devam edece\u011fz. Birlikte gelece\u011fi in\u015fa ediyoruz!<\/h3>","protected":false},"excerpt":{"rendered":"<p>\u0130GEME, Gateoftec, MedicalinT\u00fcrkiye ve Gateofhouse olarak Dominik Cumhuriyeti\u2019ndeyiz!T\u00fcrkiye ile Dominik Cumhuriyeti aras\u0131ndaki ticari ve ekonomik ili\u015fkileri geli\u015ftirme misyonuyla yola \u00e7\u0131kt\u0131k. T\u00fcrk \u0130hracat\u00e7\u0131lar\u0131 ve T\u00fcrk Sa\u011fl\u0131k Merkezlerini Dominik Cumhuriyeti\u2019nde kurarak iki \u00fclke aras\u0131nda kar\u015f\u0131l\u0131kl\u0131 ticareti b\u00fcy\u00fctmeyi hedefliyoruz. \u0130GEME (T\u00fcrkiye \u0130hracat\u0131n\u0131 Geli\u015ftirme Merkezi): 25 y\u0131ldan fazla birikimimizle T\u00fcrk ihracat\u00e7\u0131lar\u0131na stratejik destek sunuyor, yeni pazarlar ke\u015ffetmelerini sa\u011fl\u0131yoruz. Dominik [&hellip;]<\/p>\n","protected":false},"author":2,"featured_media":2779,"parent":0,"menu_order":0,"comment_status":"closed","ping_status":"closed","template":"","meta":{"footnotes":""},"class_list":["post-2778","page","type-page","status-publish","has-post-thumbnail","hentry"],"aioseo_notices":[],"_links":{"self":[{"href":"https:\/\/www.mastersunslr.com\/es\/wp-json\/wp\/v2\/pages\/2778","targetHints":{"allow":["GET"]}}],"collection":[{"href":"https:\/\/www.mastersunslr.com\/es\/wp-json\/wp\/v2\/pages"}],"about":[{"href":"https:\/\/www.mastersunslr.com\/es\/wp-json\/wp\/v2\/types\/page"}],"author":[{"embeddable":true,"href":"https:\/\/www.mastersunslr.com\/es\/wp-json\/wp\/v2\/users\/2"}],"replies":[{"embeddable":true,"href":"https:\/\/www.mastersunslr.com\/es\/wp-json\/wp\/v2\/comments?post=2778"}],"version-history":[{"count":2,"href":"https:\/\/www.mastersunslr.com\/es\/wp-json\/wp\/v2\/pages\/2778\/revisions"}],"predecessor-version":[{"id":2782,"href":"https:\/\/www.mastersunslr.com\/es\/wp-json\/wp\/v2\/pages\/2778\/revisions\/2782"}],"wp:featuredmedia":[{"embeddable":true,"href":"https:\/\/www.mastersunslr.com\/es\/wp-json\/wp\/v2\/media\/2779"}],"wp:attachment":[{"href":"https:\/\/www.mastersunslr.com\/es\/wp-json\/wp\/v2\/media?parent=2778"}],"curies":[{"name":"wp","href":"https:\/\/api.w.org\/{rel}","templated":true}]}}